{"id":22,"date":"2013-09-10T20:54:33","date_gmt":"2013-09-10T20:54:33","guid":{"rendered":"http:\/\/sportconsult.cc\/?page_id=22"},"modified":"2017-04-11T06:58:52","modified_gmt":"2017-04-11T06:58:52","slug":"angebot","status":"publish","type":"page","link":"http:\/\/sportconsult.cc\/?page_id=22","title":{"rendered":"Angebot"},"content":{"rendered":"<p>Unser Angebot umfasst alle Bereiche im Ausdauer-Sportmarketing. Als Full-Service-Agentur in diesem Bereich bieten wir sowohl f\u00fcr Einzelsportler, Veranstalter sowie Vereine &amp; Verb\u00e4nde ein Rundum-Service an.<\/p>\n<p>&nbsp;<\/p>\n<p>&nbsp;<\/p>\n<p><!--more--><\/p>\n<h3><strong>Konzeption &amp; Beratung:<\/strong><\/h3>\n<p>&nbsp;<\/p>\n<p>Entwicklung und Bewertung ist die Basis f\u00fcr ein gutes Gelingen im Sportmarketing. Der Markt ist dicht, es tut sich viel auf dem Sektor und zudem ist der Sport auch noch sehr schnellebig. Bei neuen Konzepten von vorneherein gut zu planen, die richtigen Ressourcen und Methoden einzusetzen spart viel Zeit und Geld. Die zeitgem\u00e4\u00dfe Bewertung von Ideen und in die Jahre gekommener Sportkonzepte bei Events und Verb\u00e4nden spielt eine ebenso gro\u00dfe Rolle; eine Frischzellenkur f\u00fcr alte Konzepte ist dabei ebenso zielf\u00fchren wie auch einmal klar NEIN zu sagen und die eigenen Energien auf neue Projekte auszurichten.<\/p>\n<p><strong>Wir liefern im Sportmarketing:<\/strong><\/p>\n<ul>\n<li>Brainstorming &amp; Mindmapping<\/li>\n<li>Diskussionsleitung<\/li>\n<li>Budgetplanung<\/li>\n<li>Pr\u00e4sentationen f\u00fcr Partner und Sponsoren sowie deren Vorbereitung<\/li>\n<\/ul>\n<p>&nbsp;<\/p>\n<h3><strong>Dienstleistung &amp; Abwicklung<\/strong><\/h3>\n<p>&nbsp;<\/p>\n<p>Tolle Ideen m\u00fcssen auch gut umgesetzt werden. Seit 1994 haben wir damit viele Erfahrungen gemacht, gute ebenso wie schlechte. Unser Know How ebenso wie unser riesiges Kontakt-Netzwerk stellen wir gerne in den Dienst Ihrer Sache. Als Abwickler und\/oder Veranstalter stehen wir auch gerne f\u00fcr Firmen-Events, Incentives oder Sportlerbetreuung zur Verf\u00fcgung.<br \/>\nNicht zuletzt haben wir auch Zugriff auf Ressourcen f\u00fcr die Eventabwicklung, einerseits personell (Vortragende,\u00a0Bergf\u00fchrer, Techniker, etc.) als auch bei der \u00a0Hardware (Kabel, Sponsorenwand, Zelte etc.).<\/p>\n<p><strong>Wir liefern:<\/strong><\/p>\n<ul>\n<li>Full-Service-Abwicklung f\u00fcr Events als Veranstalter<\/li>\n<li>Foto- und Presseservice<\/li>\n<li>Personal- und Ressourcenvermittlung inkl. Supervising<\/li>\n<li>Leihmaterial f\u00fcr Events<\/li>\n<\/ul>\n<p>&nbsp;<\/p>\n<h3><strong>Marketing &amp; PR<\/strong><\/h3>\n<p>&nbsp;<\/p>\n<p>\u201eTue Gutes und sprich dar\u00fcber\u201c hei\u00dft es so sch\u00f6n in der Marketingsprache. Unser riesige Presse-Verteilerliste und das pers\u00f6nliche Element bei Offline- und Online-Medien erm\u00f6glichen es uns, Ideen, Personen und Events an die \u00d6ffentlichkeit zu bringen.<br \/>\nDie praktische und logistische Abwicklung von Presseevents und Pressefahrten ist dabei f\u00fcr unsere Kunden der Mehrwert, sich auf die eigene Pr\u00e4sentation konzentrieren zu k\u00f6nnen.<\/p>\n<p><strong>Wir liefern<\/strong><\/p>\n<ul>\n<li>Pressekonferenzen und Pressefahrten<\/li>\n<li>Presseservice online und offline<\/li>\n<li>Pressefoto- Service<\/li>\n<li>Presseclippings<\/li>\n<\/ul>\n","protected":false},"excerpt":{"rendered":"<p>Unser Angebot umfasst alle Bereiche im Ausdauer-Sportmarketing. Als Full-Service-Agentur in diesem Bereich bieten wir sowohl f\u00fcr Einzelsportler, Veranstalter sowie Vereine &amp; Verb\u00e4nde ein Rundum-Service an. &nbsp; &nbsp;<\/p>\n","protected":false},"author":1,"featured_media":0,"parent":0,"menu_order":0,"comment_status":"closed","ping_status":"closed","template":"page-full.php","meta":[],"_links":{"self":[{"href":"http:\/\/sportconsult.cc\/index.php?rest_route=\/wp\/v2\/pages\/22"}],"collection":[{"href":"http:\/\/sportconsult.cc\/index.php?rest_route=\/wp\/v2\/pages"}],"about":[{"href":"http:\/\/sportconsult.cc\/index.php?rest_route=\/wp\/v2\/types\/page"}],"author":[{"embeddable":true,"href":"http:\/\/sportconsult.cc\/index.php?rest_route=\/wp\/v2\/users\/1"}],"replies":[{"embeddable":true,"href":"http:\/\/sportconsult.cc\/index.php?rest_route=%2Fwp%2Fv2%2Fcomments&post=22"}],"version-history":[{"count":48,"href":"http:\/\/sportconsult.cc\/index.php?rest_route=\/wp\/v2\/pages\/22\/revisions"}],"predecessor-version":[{"id":93,"href":"http:\/\/sportconsult.cc\/index.php?rest_route=\/wp\/v2\/pages\/22\/revisions\/93"}],"wp:attachment":[{"href":"http:\/\/sportconsult.cc\/index.php?rest_route=%2Fwp%2Fv2%2Fmedia&parent=22"}],"curies":[{"name":"wp","href":"https:\/\/api.w.org\/{rel}","templated":true}]}}